{"id":918,"date":"2023-02-28T02:49:49","date_gmt":"2023-02-28T02:49:49","guid":{"rendered":"https:\/\/zokaj.com\/?page_id=918"},"modified":"2023-03-02T04:41:12","modified_gmt":"2023-03-02T04:41:12","slug":"super-sentai","status":"publish","type":"page","link":"https:\/\/kajzu.com\/z\/super-sentai","title":{"rendered":"Super Sentai"},"content":{"rendered":"<div class=\"wpb-content-wrapper\"><p>[vc_row el_class=&#8221;center-content&#8221;][vc_column width=&#8221;11\/12&#8243;][vc_column_text]<\/p>\n<h2>What is Super Sentai?<\/h2>\n<blockquote>\n<p><strong>Super Sentai<\/strong> (Japanese: \u30b9\u30fc\u30d1\u30fc\u6226\u968a\u30b7\u30ea\u30fc\u30ba, Hepburn: S\u016bp\u0101 Sentai Shir\u012bzu, translated as &#8220;Super Squadron Series&#8221;) is a Japanese superhero team metaseries and media franchise consisting of television series and films produced by Toei Company, and Bandai, and aired by TV Asahi (&#8220;Sentai&#8221; is the Japanese word for &#8220;task force&#8221; or &#8220;fighting squadron&#8221;).<\/p>\n<p>The shows are of the tokusatsu genre, featuring live action characters and colorful special effects, and are aimed at children. <strong>Super Sentai<\/strong> airs alongside the <a href=\"https:\/\/zokaj.com\/kamen-rider\" target=\"_blank\" rel=\"noopener\"><strong>Kamen Rider<\/strong><\/a> series in the Super Hero Time programming block on Sunday mornings.<\/p>\n<p>In North America, the Super Sentai series is best known as the source material for the Power Rangers series.&#8212; Wikipedia<\/p>\n<\/blockquote>\n<p><strong>Super Sentai<\/strong> is a Japanese tokusatsu franchise that focuses on a team of brightly colored heroes fighting against evil forces.<\/p>\n<p>The series has been running since 1975, and each season features a new group of heroes with their own unique powers and costumes.<\/p>\n<p><strong>Super Sentai<\/strong> has become a cultural phenomenon in Japan, and has gained a dedicated following around the world.[\/vc_column_text][\/vc_column][\/vc_row][vc_row][vc_column]\t\t\t\t\t\t\t<div class=\"section-header\">\r\n\t\t\t\t\t\t\t\t<h2 class=\"widget-title\"> Lastest update Super Sentai<\/h2>\r\n\t\t\t\t\t\t\t<\/div>\r\n\t\t\t\t\t\t\t\t\t\t\t<div class=\"row columns-4 video-section meta-maxwidth-230 \"> \r\n\t\t\t\t\t\t\t\t\t\t\t\t\t<div class=\"col-sm-3 col-xs-6 item post\">\r\n\t\t\t\t\t\t\t\t<div class=\"item-img\">\r\n\t\t\t\t\t\t\t\t\t<a title=\"No.1 Sentai Gozyuger &#8211; Polar Beginning\" href=\"https:\/\/kajzu.com\/z\/no-1-sentai-gozyuger-polar-beginning\"><img loading=\"lazy\" decoding=\"async\" width=\"300\" height=\"450\" src=\"https:\/\/kajzu.com\/z\/wp-content\/uploads\/2026\/04\/Thumb-no-1-sentai-gozyuger-polar-beginning-vertical-300x450.png\" class=\"img-responsive wp-post-image\" alt=\"\" srcset=\"https:\/\/kajzu.com\/z\/wp-content\/uploads\/2026\/04\/Thumb-no-1-sentai-gozyuger-polar-beginning-vertical-300x450.png 300w, https:\/\/kajzu.com\/z\/wp-content\/uploads\/2026\/04\/Thumb-no-1-sentai-gozyuger-polar-beginning-vertical-768x1152.png 768w, https:\/\/kajzu.com\/z\/wp-content\/uploads\/2026\/04\/Thumb-no-1-sentai-gozyuger-polar-beginning-vertical.png 1200w\" sizes=\"auto, (max-width: 300px) 100vw, 300px\" \/><\/a>\t\t\t\t\t\t\t\t\t<a href=\"https:\/\/kajzu.com\/z\/no-1-sentai-gozyuger-polar-beginning\" title=\"No.1 Sentai Gozyuger &#8211; Polar Beginning\"><div class=\"img-hover\"><\/div><\/a>\r\n\t\t\t\t\t\t\t\t<\/div>\r\n\t\t\t\t\t\t\t<h3><a href=\"https:\/\/kajzu.com\/z\/no-1-sentai-gozyuger-polar-beginning\" title=\"No.1 Sentai Gozyuger &#8211; Polar Beginning\">No.1 Sentai Gozyuger &#8211; Polar Beginning<\/a><\/h3>\r\n\t\t\t\t\t\t\t\t\t\t\t\t\t\t\t\t\t\t\t\t\t\t\t<\/div>\r\n\t\t\t\t\t\t\t\t\t\t\t\t\t<div class=\"col-sm-3 col-xs-6 item post\">\r\n\t\t\t\t\t\t\t\t<div class=\"item-img\">\r\n\t\t\t\t\t\t\t\t\t<a title=\"No. 1 Sentai Gozyuger VS Boonboomger\" href=\"https:\/\/kajzu.com\/z\/no-1-sentai-gozyuger-vs-boonboomger\"><img loading=\"lazy\" decoding=\"async\" width=\"300\" height=\"450\" src=\"https:\/\/kajzu.com\/z\/wp-content\/uploads\/2026\/04\/Thumb-no-1-sentai-gozyuger-vs-boonboomger-vertical-300x450.png\" class=\"img-responsive wp-post-image\" alt=\"\" srcset=\"https:\/\/kajzu.com\/z\/wp-content\/uploads\/2026\/04\/Thumb-no-1-sentai-gozyuger-vs-boonboomger-vertical-300x450.png 300w, https:\/\/kajzu.com\/z\/wp-content\/uploads\/2026\/04\/Thumb-no-1-sentai-gozyuger-vs-boonboomger-vertical-768x1152.png 768w, https:\/\/kajzu.com\/z\/wp-content\/uploads\/2026\/04\/Thumb-no-1-sentai-gozyuger-vs-boonboomger-vertical.png 1200w\" sizes=\"auto, (max-width: 300px) 100vw, 300px\" \/><\/a>\t\t\t\t\t\t\t\t\t<a href=\"https:\/\/kajzu.com\/z\/no-1-sentai-gozyuger-vs-boonboomger\" title=\"No. 1 Sentai Gozyuger VS Boonboomger\"><div class=\"img-hover\"><\/div><\/a>\r\n\t\t\t\t\t\t\t\t<\/div>\r\n\t\t\t\t\t\t\t<h3><a href=\"https:\/\/kajzu.com\/z\/no-1-sentai-gozyuger-vs-boonboomger\" title=\"No. 1 Sentai Gozyuger VS Boonboomger\">No. 1 Sentai Gozyuger VS Boonboomger<\/a><\/h3>\r\n\t\t\t\t\t\t\t\t\t\t\t\t\t\t\t\t\t\t\t\t\t\t\t<\/div>\r\n\t\t\t\t\t\t\t\t\t\t\t\t\t<div class=\"col-sm-3 col-xs-6 item post\">\r\n\t\t\t\t\t\t\t\t<div class=\"item-img\">\r\n\t\t\t\t\t\t\t\t\t<a title=\"Gosei Sentai Dairanger\" href=\"https:\/\/kajzu.com\/z\/gosei-sentai-dairanger\"><img loading=\"lazy\" decoding=\"async\" width=\"300\" height=\"450\" src=\"https:\/\/kajzu.com\/z\/wp-content\/uploads\/2023\/02\/Thumb-gosei-sentai-dairanger-horizontal-300x450.png\" class=\"img-responsive wp-post-image\" alt=\"Gosei Sentai Dairanger\" srcset=\"https:\/\/kajzu.com\/z\/wp-content\/uploads\/2023\/02\/Thumb-gosei-sentai-dairanger-horizontal-300x450.png 300w, https:\/\/kajzu.com\/z\/wp-content\/uploads\/2023\/02\/Thumb-gosei-sentai-dairanger-horizontal-768x1152.png 768w, https:\/\/kajzu.com\/z\/wp-content\/uploads\/2023\/02\/Thumb-gosei-sentai-dairanger-horizontal.png 1200w\" sizes=\"auto, (max-width: 300px) 100vw, 300px\" \/><\/a>\t\t\t\t\t\t\t\t\t<a href=\"https:\/\/kajzu.com\/z\/gosei-sentai-dairanger\" title=\"Gosei Sentai Dairanger\"><div class=\"img-hover\"><\/div><\/a>\r\n\t\t\t\t\t\t\t\t<\/div>\r\n\t\t\t\t\t\t\t<h3><a href=\"https:\/\/kajzu.com\/z\/gosei-sentai-dairanger\" title=\"Gosei Sentai Dairanger\">Gosei Sentai Dairanger<\/a><\/h3>\r\n\t\t\t\t\t\t\t\t\t\t\t\t\t\t\t\t\t<div class=\"row center feat\">Episode: 50 (English sub)<\/div>\r\n\t\t\t\t\t\t\t\t\t\t\t\t\t\t\t\t\t\t\t\t\t\t\t<\/div>\r\n\t\t\t\t\t\t\t\t\t\t\t\t\t<div class=\"col-sm-3 col-xs-6 item post\">\r\n\t\t\t\t\t\t\t\t<div class=\"item-img\">\r\n\t\t\t\t\t\t\t\t\t<a title=\"No.1 Sentai Gozyuger\" href=\"https:\/\/kajzu.com\/z\/no-1-sentai-gozyuger-2024\"><img loading=\"lazy\" decoding=\"async\" width=\"300\" height=\"450\" src=\"https:\/\/kajzu.com\/z\/wp-content\/uploads\/2024\/12\/Thumb-no-1-sentai-gozyuger-vertical-3-300x450.png\" class=\"img-responsive wp-post-image\" alt=\"\" srcset=\"https:\/\/kajzu.com\/z\/wp-content\/uploads\/2024\/12\/Thumb-no-1-sentai-gozyuger-vertical-3-300x450.png 300w, https:\/\/kajzu.com\/z\/wp-content\/uploads\/2024\/12\/Thumb-no-1-sentai-gozyuger-vertical-3-768x1152.png 768w, https:\/\/kajzu.com\/z\/wp-content\/uploads\/2024\/12\/Thumb-no-1-sentai-gozyuger-vertical-3.png 1200w\" sizes=\"auto, (max-width: 300px) 100vw, 300px\" \/><\/a>\t\t\t\t\t\t\t\t\t<a href=\"https:\/\/kajzu.com\/z\/no-1-sentai-gozyuger-2024\" title=\"No.1 Sentai Gozyuger\"><div class=\"img-hover\"><\/div><\/a>\r\n\t\t\t\t\t\t\t\t<\/div>\r\n\t\t\t\t\t\t\t<h3><a href=\"https:\/\/kajzu.com\/z\/no-1-sentai-gozyuger-2024\" title=\"No.1 Sentai Gozyuger\">No.1 Sentai Gozyuger<\/a><\/h3>\r\n\t\t\t\t\t\t\t\t\t\t\t\t\t\t\t\t\t<div class=\"row center feat\">Episode: 49 (English Sub)<\/div>\r\n\t\t\t\t\t\t\t\t\t\t\t\t\t\t\t\t\t\t\t\t\t\t\t<\/div>\r\n\t\t\t\t\t\t\t\t\t\t\t\t\t<div class=\"col-sm-3 col-xs-6 item post\">\r\n\t\t\t\t\t\t\t\t<div class=\"item-img\">\r\n\t\t\t\t\t\t\t\t\t<a title=\"Zyuden Sentai Kyoryuger: Gaburincho of Music\" href=\"https:\/\/kajzu.com\/z\/zyuden-sentai-kyoryuger-gaburincho-of-music\"><img loading=\"lazy\" decoding=\"async\" width=\"300\" height=\"450\" src=\"https:\/\/kajzu.com\/z\/wp-content\/uploads\/2023\/02\/Thumb-zyuden-sentai-kyoryuger-gaburincho-of-music-vertical-300x450.png\" class=\"img-responsive wp-post-image\" alt=\"\" srcset=\"https:\/\/kajzu.com\/z\/wp-content\/uploads\/2023\/02\/Thumb-zyuden-sentai-kyoryuger-gaburincho-of-music-vertical-300x450.png 300w, https:\/\/kajzu.com\/z\/wp-content\/uploads\/2023\/02\/Thumb-zyuden-sentai-kyoryuger-gaburincho-of-music-vertical-768x1152.png 768w, https:\/\/kajzu.com\/z\/wp-content\/uploads\/2023\/02\/Thumb-zyuden-sentai-kyoryuger-gaburincho-of-music-vertical.png 1200w\" sizes=\"auto, (max-width: 300px) 100vw, 300px\" \/><\/a>\t\t\t\t\t\t\t\t\t<a href=\"https:\/\/kajzu.com\/z\/zyuden-sentai-kyoryuger-gaburincho-of-music\" title=\"Zyuden Sentai Kyoryuger: Gaburincho of Music\"><div class=\"img-hover\"><\/div><\/a>\r\n\t\t\t\t\t\t\t\t<\/div>\r\n\t\t\t\t\t\t\t<h3><a href=\"https:\/\/kajzu.com\/z\/zyuden-sentai-kyoryuger-gaburincho-of-music\" title=\"Zyuden Sentai Kyoryuger: Gaburincho of Music\">Zyuden Sentai Kyoryuger: Gaburincho of Music<\/a><\/h3>\r\n\t\t\t\t\t\t\t\t\t\t\t\t\t\t\t\t\t\t\t\t\t\t\t<\/div>\r\n\t\t\t\t\t\t\t\t\t\t\t\t\t<div class=\"col-sm-3 col-xs-6 item post\">\r\n\t\t\t\t\t\t\t\t<div class=\"item-img\">\r\n\t\t\t\t\t\t\t\t\t<a title=\"Kamen Rider \u00d7 Super Sentai \u00d7 Space Sheriff: Super Hero Taisen Z\" href=\"https:\/\/kajzu.com\/z\/kamen-rider-super-sentai-space-sheriff-super-hero-taisen-z\"><img loading=\"lazy\" decoding=\"async\" width=\"300\" height=\"450\" src=\"https:\/\/kajzu.com\/z\/wp-content\/uploads\/2023\/02\/Thumb-kamen-rider-super-sentai-space-sheriff-super-hero-taisen-z-vertical-300x450.png\" class=\"img-responsive wp-post-image\" alt=\"\" srcset=\"https:\/\/kajzu.com\/z\/wp-content\/uploads\/2023\/02\/Thumb-kamen-rider-super-sentai-space-sheriff-super-hero-taisen-z-vertical-300x450.png 300w, https:\/\/kajzu.com\/z\/wp-content\/uploads\/2023\/02\/Thumb-kamen-rider-super-sentai-space-sheriff-super-hero-taisen-z-vertical-768x1152.png 768w, https:\/\/kajzu.com\/z\/wp-content\/uploads\/2023\/02\/Thumb-kamen-rider-super-sentai-space-sheriff-super-hero-taisen-z-vertical.png 1200w\" sizes=\"auto, (max-width: 300px) 100vw, 300px\" \/><\/a>\t\t\t\t\t\t\t\t\t<a href=\"https:\/\/kajzu.com\/z\/kamen-rider-super-sentai-space-sheriff-super-hero-taisen-z\" title=\"Kamen Rider \u00d7 Super Sentai \u00d7 Space Sheriff: Super Hero Taisen Z\"><div class=\"img-hover\"><\/div><\/a>\r\n\t\t\t\t\t\t\t\t<\/div>\r\n\t\t\t\t\t\t\t<h3><a href=\"https:\/\/kajzu.com\/z\/kamen-rider-super-sentai-space-sheriff-super-hero-taisen-z\" title=\"Kamen Rider \u00d7 Super Sentai \u00d7 Space Sheriff: Super Hero Taisen Z\">Kamen Rider \u00d7 Super Sentai \u00d7 Space Sheriff: Super Hero Taisen Z<\/a><\/h3>\r\n\t\t\t\t\t\t\t\t\t\t\t\t\t\t\t\t\t\t\t\t\t\t\t<\/div>\r\n\t\t\t\t\t\t\t\t\t\t\t\t\t<div class=\"col-sm-3 col-xs-6 item post\">\r\n\t\t\t\t\t\t\t\t<div class=\"item-img\">\r\n\t\t\t\t\t\t\t\t\t<a title=\"No.1 Sentai Gozyuger: TegaSword&#8217;s Resurrection\" href=\"https:\/\/kajzu.com\/z\/no-1-sentai-gozyuger-tegaswords-resurrection\"><img loading=\"lazy\" decoding=\"async\" width=\"300\" height=\"450\" src=\"https:\/\/kajzu.com\/z\/wp-content\/uploads\/2025\/12\/Thumb-no-1-sentai-gozyuger-tegasword-s-resurrection-vertical-300x450.png\" class=\"img-responsive wp-post-image\" alt=\"\" srcset=\"https:\/\/kajzu.com\/z\/wp-content\/uploads\/2025\/12\/Thumb-no-1-sentai-gozyuger-tegasword-s-resurrection-vertical-300x450.png 300w, https:\/\/kajzu.com\/z\/wp-content\/uploads\/2025\/12\/Thumb-no-1-sentai-gozyuger-tegasword-s-resurrection-vertical-768x1152.png 768w, https:\/\/kajzu.com\/z\/wp-content\/uploads\/2025\/12\/Thumb-no-1-sentai-gozyuger-tegasword-s-resurrection-vertical.png 1200w\" sizes=\"auto, (max-width: 300px) 100vw, 300px\" \/><\/a>\t\t\t\t\t\t\t\t\t<a href=\"https:\/\/kajzu.com\/z\/no-1-sentai-gozyuger-tegaswords-resurrection\" title=\"No.1 Sentai Gozyuger: TegaSword&#8217;s Resurrection\"><div class=\"img-hover\"><\/div><\/a>\r\n\t\t\t\t\t\t\t\t<\/div>\r\n\t\t\t\t\t\t\t<h3><a href=\"https:\/\/kajzu.com\/z\/no-1-sentai-gozyuger-tegaswords-resurrection\" title=\"No.1 Sentai Gozyuger: TegaSword&#8217;s Resurrection\">No.1 Sentai Gozyuger: TegaSword&#8217;s Resurrection<\/a><\/h3>\r\n\t\t\t\t\t\t\t\t\t\t\t\t\t\t\t\t\t\t\t\t\t\t\t<\/div>\r\n\t\t\t\t\t\t\t\t\t\t\t\t\t<div class=\"col-sm-3 col-xs-6 item post\">\r\n\t\t\t\t\t\t\t\t<div class=\"item-img\">\r\n\t\t\t\t\t\t\t\t\t<a title=\"Kaitou Sentai Lupinranger VS Keisatsu Sentai Patranger\" href=\"https:\/\/kajzu.com\/z\/kaitou-sentai-lupinranger-vs-keisatsu-sentai-patranger-2\"><img loading=\"lazy\" decoding=\"async\" width=\"300\" height=\"450\" src=\"https:\/\/kajzu.com\/z\/wp-content\/uploads\/2023\/02\/Thumb-lupinranger-vs-patranger-horizontal-300x450.png\" class=\"img-responsive wp-post-image\" alt=\"Kaitou Sentai Lupinranger VS Keisatsu Sentai Patranger\" srcset=\"https:\/\/kajzu.com\/z\/wp-content\/uploads\/2023\/02\/Thumb-lupinranger-vs-patranger-horizontal-300x450.png 300w, https:\/\/kajzu.com\/z\/wp-content\/uploads\/2023\/02\/Thumb-lupinranger-vs-patranger-horizontal-768x1152.png 768w, https:\/\/kajzu.com\/z\/wp-content\/uploads\/2023\/02\/Thumb-lupinranger-vs-patranger-horizontal.png 1200w\" sizes=\"auto, (max-width: 300px) 100vw, 300px\" \/><\/a>\t\t\t\t\t\t\t\t\t<a href=\"https:\/\/kajzu.com\/z\/kaitou-sentai-lupinranger-vs-keisatsu-sentai-patranger-2\" title=\"Kaitou Sentai Lupinranger VS Keisatsu Sentai Patranger\"><div class=\"img-hover\"><\/div><\/a>\r\n\t\t\t\t\t\t\t\t<\/div>\r\n\t\t\t\t\t\t\t<h3><a href=\"https:\/\/kajzu.com\/z\/kaitou-sentai-lupinranger-vs-keisatsu-sentai-patranger-2\" title=\"Kaitou Sentai Lupinranger VS Keisatsu Sentai Patranger\">Kaitou Sentai Lupinranger VS Keisatsu Sentai Patranger<\/a><\/h3>\r\n\t\t\t\t\t\t\t\t\t\t\t\t\t\t\t\t\t<div class=\"row center feat\">Episode: 51 (English sub)<\/div>\r\n\t\t\t\t\t\t\t\t\t\t\t\t\t\t\t\t\t\t\t\t\t\t\t<\/div>\r\n\t\t\t\t\t\t\t\t\t\t\t<\/div>\r\n\t\t\t\t\t\t\t\t[\/vc_column][\/vc_row][vc_row el_class=&#8221;center-content&#8221;][vc_column width=&#8221;2\/3&#8243;][vc_column_text]<\/p>\n<h2>Super Sentai Collection<\/h2>\n<p><table class=\"table table-bordered table-striped\"><thead>\n        <tr><th class=\"center\" scope=\"col\">Year<\/th>\n          <th scope=\"col\">Title<\/th>\n          <th class=\"center\" scope=\"col\">Episodes<\/th><\/tr><\/thead>\n        <tbody><tr><th class=\"center\" scope=\"row\"><\/th><td><a href='' title='' target='_blank'><\/a><\/td><td class=\"center\"><\/td><\/tr><\/tbody><\/table>[\/vc_column_text][\/vc_column][\/vc_row][vc_row][vc_column][vc_acf field_group=&#8221;210&#8243; field_from_210=&#8221;field_63f890a6707ec&#8221;][\/vc_column][\/vc_row]<\/p>\n<\/div>","protected":false},"excerpt":{"rendered":"<p>[vc_row el_class=&#8221;center-content&#8221;][vc_column width=&#8221;11\/12&#8243;][vc_column_text] What is Super Sentai? Super Sentai (Japanese: \u30b9\u30fc\u30d1\u30fc\u6226\u968a\u30b7\u30ea\u30fc\u30ba, Hepburn: S\u016bp\u0101 Sentai Shir\u012bzu, translated as &#8220;Super Squadron Series&#8221;) is a Japanese superhero team metaseries and media franchise consisting of television series and films produced by Toei Company, and Bandai, and aired by TV Asahi (&#8220;Sentai&#8221; is the Japanese word for &#8220;task force&#8221; or [&hellip;]<\/p>\n","protected":false},"author":1,"featured_media":927,"parent":0,"menu_order":0,"comment_status":"closed","ping_status":"closed","template":"tpl-page-fullwidth.php","meta":{"footnotes":""},"class_list":["post-918","page","type-page","status-publish","has-post-thumbnail","hentry"],"_links":{"self":[{"href":"https:\/\/kajzu.com\/z\/wp-json\/wp\/v2\/pages\/918","targetHints":{"allow":["GET"]}}],"collection":[{"href":"https:\/\/kajzu.com\/z\/wp-json\/wp\/v2\/pages"}],"about":[{"href":"https:\/\/kajzu.com\/z\/wp-json\/wp\/v2\/types\/page"}],"author":[{"embeddable":true,"href":"https:\/\/kajzu.com\/z\/wp-json\/wp\/v2\/users\/1"}],"replies":[{"embeddable":true,"href":"https:\/\/kajzu.com\/z\/wp-json\/wp\/v2\/comments?post=918"}],"version-history":[{"count":6,"href":"https:\/\/kajzu.com\/z\/wp-json\/wp\/v2\/pages\/918\/revisions"}],"predecessor-version":[{"id":952,"href":"https:\/\/kajzu.com\/z\/wp-json\/wp\/v2\/pages\/918\/revisions\/952"}],"wp:featuredmedia":[{"embeddable":true,"href":"https:\/\/kajzu.com\/z\/wp-json\/wp\/v2\/media\/927"}],"wp:attachment":[{"href":"https:\/\/kajzu.com\/z\/wp-json\/wp\/v2\/media?parent=918"}],"curies":[{"name":"wp","href":"https:\/\/api.w.org\/{rel}","templated":true}]}}